{"id":4278,"date":"2017-12-01T14:48:00","date_gmt":"2017-12-01T14:48:00","guid":{"rendered":"http:\/\/dretpenal.uab.cat\/?page_id=4278"},"modified":"2017-12-04T14:57:34","modified_gmt":"2017-12-04T14:57:34","slug":"llistat-arxiu-crimimedia","status":"publish","type":"page","link":"https:\/\/dretpenal.uab.cat\/index.php\/llistat-arxiu-crimimedia\/","title":{"rendered":"Llistat arxiu Crimimedia"},"content":{"rendered":"<div id='layer_slider_1'  class='avia-layerslider main_color avia-shadow  avia-builder-el-0  el_before_av_slideshow_full  avia-builder-el-first  container_wrap sidebar_right'  style='height: 171px; max-width: 1000px; margin: 0 auto;'  ><\/div>\n<div id='full_slider_1'  class='avia-fullwidth-slider main_color avia-shadow   avia-builder-el-1  el_after_av_layerslider  el_before_av_heading   slider-not-first container_wrap sidebar_right'  ><\/div><div id='after_full_slider_1'  class='main_color av_default_container_wrap container_wrap sidebar_right'  ><div class='container av-section-cont-open' ><div class='template-page content  av-content-small alpha units'><div class='post-entry post-entry-type-page post-entry-4278'><div class='entry-content-wrapper clearfix'>\n\n<style type=\"text\/css\" data-created_by=\"avia_inline_auto\" id=\"style-css-av-av_heading-a904233e8a245e6f7d072ac193648e14\">\n#top .av-special-heading.av-av_heading-a904233e8a245e6f7d072ac193648e14{\npadding-bottom:10px;\n}\nbody .av-special-heading.av-av_heading-a904233e8a245e6f7d072ac193648e14 .av-special-heading-tag .heading-char{\nfont-size:25px;\n}\n.av-special-heading.av-av_heading-a904233e8a245e6f7d072ac193648e14 .av-subheading{\nfont-size:15px;\n}\n<\/style>\n<div  class='av-special-heading av-av_heading-a904233e8a245e6f7d072ac193648e14 av-special-heading-h3 meta-heading  avia-builder-el-2  el_after_av_slideshow_full  el_before_av_one_full  avia-builder-el-first '><h3 class='av-special-heading-tag'  itemprop=\"headline\"  >Arxiu Crimimedia<\/h3><div class=\"special-heading-border\"><div class=\"special-heading-inner-border\"><\/div><\/div><\/div>\n\n<style type=\"text\/css\" data-created_by=\"avia_inline_auto\" id=\"style-css-av-av_one_full-6126cab7d8fab8d08143dd2dacdf673c\">\n.flex_column.av-av_one_full-6126cab7d8fab8d08143dd2dacdf673c{\nborder-radius:0px 0px 0px 0px;\n-webkit-border-radius:0px 0px 0px 0px;\n-moz-border-radius:0px 0px 0px 0px;\n}\n<\/style>\n<div class='flex_column av-av_one_full-6126cab7d8fab8d08143dd2dacdf673c av_one_full  avia-builder-el-3  el_after_av_heading  avia-builder-el-last  first flex_column_div av-zero-column-padding '   ><section  class='av_textblock_section av-av_textblock-0366cc7376be6c9e82a3e9cc8987b64f'  itemscope=\"itemscope\" itemtype=\"https:\/\/schema.org\/CreativeWork\" ><div class='avia_textblock'  itemprop=\"text\" ><ul>\n<li><a href=\"http:\/\/dretpenal.uab.cat\/wp-content\/uploads\/2017\/12\/Entrevistas-pagadas.pdf\" target=\"_blank\" rel=\"noopener\">Entrevistas pagadas: la \u00e9tica del pago, la del cobro y la del juicio paralelo<\/a><\/li>\n<li><a href=\"http:\/\/dretpenal.uab.cat\/wp-content\/uploads\/2017\/12\/SexoRredadas.pdf\" target=\"_blank\" rel=\"noopener\">Sexo, redadas y cintas de v\u00eddeo<\/a><\/li>\n<li><a href=\"http:\/\/dretpenal.uab.cat\/wp-content\/uploads\/2017\/12\/RetiradaAnunciantes.pdf\" target=\"_blank\" rel=\"noopener\">Retirada de anunciantes y reproche social al programa &#8216;La Noria&#8217;<\/a><\/li>\n<li><a href=\"http:\/\/dretpenal.uab.cat\/wp-content\/uploads\/2017\/12\/NoSeDebeConfundir.pdf\" target=\"_blank\" rel=\"noopener\">No se debe confundir lo espectacular con lo importante desde el punto de vista informativo<\/a><\/li>\n<li><a href=\"http:\/\/dretpenal.uab.cat\/wp-content\/uploads\/2017\/12\/VeredictoPopular.pdf\" target=\"_blank\" rel=\"noopener\">Veredicto popular en temas medi\u00e1ticos y sensibles: El caso tous<\/a><\/li>\n<li><a href=\"http:\/\/dretpenal.uab.cat\/wp-content\/uploads\/2017\/12\/DemocraciaExcepcion.pdf\" target=\"_blank\" rel=\"noopener\">Democracia, excepci\u00f3n y el libre ejercicio de la cr\u00edtica<\/a><\/li>\n<li><a href=\"http:\/\/dretpenal.uab.cat\/wp-content\/uploads\/2017\/12\/AVueltas.pdf\" target=\"_blank\" rel=\"noopener\">A vueltas con el &#8216;ensa\u00f1amiento&#8217;<\/a><\/li>\n<li><a href=\"http:\/\/dretpenal.uab.cat\/wp-content\/uploads\/2017\/12\/PruebaTestifical.pdf\" target=\"_blank\" rel=\"noopener\">\u00bf\u201cPrueba\u201d testifical en el plat\u00f3?<\/a><\/li>\n<li><a href=\"http:\/\/dretpenal.uab.cat\/wp-content\/uploads\/2017\/12\/BanquilloMediatico.pdf\" target=\"_blank\" rel=\"noopener\">Banquillo medi\u00e1tico y el sobreseimiento del \u201ccaso Fabra\u201d<\/a><\/li>\n<li><a href=\"http:\/\/dretpenal.uab.cat\/wp-content\/uploads\/2017\/12\/LaIdeologiaPol\u00edticopartidaria.pdf\" target=\"_blank\" rel=\"noopener\">La ideolog\u00eda pol\u00edtico-partidaria de algunos medios de comunicaci\u00f3n y las reformas del C\u00f3digo penal<\/a><\/li>\n<li><a href=\"http:\/\/dretpenal.uab.cat\/wp-content\/uploads\/2017\/12\/SobrePresuncionCulpabilidad.pdf\" target=\"_blank\" rel=\"noopener\">Sobre la \u201cpresunci\u00f3n\u201d de culpabilidad de Marta Dom\u00ednguez<\/a><\/li>\n<li><a href=\"http:\/\/dretpenal.uab.cat\/wp-content\/uploads\/2017\/12\/UnaImagen.pdf\" target=\"_blank\" rel=\"noopener\">Una imagen no vale m\u00e1s que mil palabras<\/a><\/li>\n<li><a href=\"http:\/\/dretpenal.uab.cat\/wp-content\/uploads\/2017\/12\/InteresPeriodistico.pdf\">Inter\u00e9s period\u00edstico y derecho a la informaci\u00f3n en la prueba judicial<\/a><\/li>\n<li><a href=\"http:\/\/dretpenal.uab.cat\/wp-content\/uploads\/2017\/12\/LaUtilizacionElectoral.pdf\" target=\"_blank\" rel=\"noopener\">La utilizaci\u00f3n electoral de la \u201cmultireincidencia en los hurtos\u201d<\/a><\/li>\n<li><a href=\"http:\/\/dretpenal.uab.cat\/wp-content\/uploads\/2017\/12\/JuiciosParalelos.pdf\" target=\"_blank\" rel=\"noopener\">Juicios Paralelos. Reflexiones en torno al programa especial DEC \u201cOperaci\u00f3n Kampanario\u201d<\/a><\/li>\n<li><a href=\"http:\/\/dretpenal.uab.cat\/wp-content\/uploads\/2017\/12\/EntranPuerta.pdf\" target=\"_blank\" rel=\"noopener\">Entran por una puerta y salen por otra<\/a><\/li>\n<li><a href=\"http:\/\/dretpenal.uab.cat\/wp-content\/uploads\/2017\/12\/LaAgresionSexual.pdf\" target=\"_blank\" rel=\"noopener\">La agresi\u00f3n sexual como espect\u00e1culo<\/a><\/li>\n<li><a href=\"http:\/\/dretpenal.uab.cat\/wp-content\/uploads\/2017\/12\/LaUtilizacionMediatica.pdf\" target=\"_blank\" rel=\"noopener\">La utilizaci\u00f3n medi\u00e1tica de la v\u00edctima<\/a><\/li>\n<li><a href=\"http:\/\/dretpenal.uab.cat\/wp-content\/uploads\/2017\/12\/Co\u00f3moSeRepara.pdf\" target=\"_blank\" rel=\"noopener\">\u00bfC\u00f3mo se repara la \u201cpena de telediario\u201d? Reflexiones en torno al caso de Tenerife<\/a><\/li>\n<li><a href=\"http:\/\/dretpenal.uab.cat\/wp-content\/uploads\/2017\/12\/MasSobreImagenes.pdf\" target=\"_blank\" rel=\"noopener\">M\u00e1s sobre im\u00e1genes: Pruebas p\u00fablicas y juicios paralelos<\/a><\/li>\n<li><a href=\"http:\/\/dretpenal.uab.cat\/wp-content\/uploads\/2017\/12\/ImagenesDetenidos.pdf\" target=\"_blank\" rel=\"noopener\">Im\u00e1genes de detenidos y \u201cpena de telediario\u201d. Algunas reflexiones a prop\u00f3sito del caso Pretoria.<\/a><\/li>\n<li><a href=\"http:\/\/dretpenal.uab.cat\/wp-content\/uploads\/2017\/12\/PrisionProvisional.pdf\" target=\"_blank\" rel=\"noopener\">Prisi\u00f3n provisional y \u201calarma social\u201d<\/a><\/li>\n<li><a href=\"http:\/\/dretpenal.uab.cat\/wp-content\/uploads\/2017\/12\/ElSimbolismo.pdf\" target=\"_blank\" rel=\"noopener\">El simbolismo y la escenificaci\u00f3n del debate pol\u00edtico-criminal<\/a><\/li>\n<li><a href=\"http:\/\/dretpenal.uab.cat\/wp-content\/uploads\/2017\/12\/EnTornoExhibicion.pdf\" target=\"_blank\" rel=\"noopener\">En torno a la exhibici\u00f3n p\u00fablica de la imagen de determinados delincuentes sexuales<\/a><\/li>\n<li><a href=\"http:\/\/dretpenal.uab.cat\/wp-content\/uploads\/2017\/12\/LeyesJueces.pdf\" target=\"_blank\" rel=\"noopener\">Leyes, jueces y Gobierno bajo la alarma social: El caso de la bofetada materna<\/a><\/li>\n<li><a href=\"http:\/\/dretpenal.uab.cat\/wp-content\/uploads\/2017\/12\/MenoresTelevision.pdf\" target=\"_blank\" rel=\"noopener\">Menores y televisi\u00f3n<\/a><\/li>\n<li><a href=\"http:\/\/dretpenal.uab.cat\/wp-content\/uploads\/2017\/12\/AhoraCadena.pdf\" target=\"_blank\" rel=\"noopener\">Ahora, la cadena perpetua<\/a><\/li>\n<li><a href=\"http:\/\/dretpenal.uab.cat\/wp-content\/uploads\/2017\/12\/SeguridadVial.pdf\" target=\"_blank\" rel=\"noopener\">Seguridad Vial<\/a><\/li>\n<li><a href=\"http:\/\/dretpenal.uab.cat\/wp-content\/uploads\/2017\/12\/CuandoLey.pdf\" target=\"_blank\" rel=\"noopener\">Cuando la ley se hace a golpe de esc\u00e1ndalo<\/a><\/li>\n<li><a href=\"http:\/\/dretpenal.uab.cat\/wp-content\/uploads\/2017\/12\/ProgramaAnaRosa.pdf\" target=\"_blank\" rel=\"noopener\">Programa Ana Rosa &#8211; Caso Sandra Palo<\/a><\/li>\n<li><a href=\"http:\/\/dretpenal.uab.cat\/wp-content\/uploads\/2017\/12\/AcosoLey.pdf\" target=\"_blank\" rel=\"noopener\">Acoso a la Ley de responsabilidad penal del menor<\/a><\/li>\n<\/ul>\n<\/div><\/section><\/div>\n","protected":false},"excerpt":{"rendered":"","protected":false},"author":4,"featured_media":0,"parent":0,"menu_order":0,"comment_status":"open","ping_status":"open","template":"","meta":{"footnotes":""},"class_list":["post-4278","page","type-page","status-publish","hentry"],"_links":{"self":[{"href":"https:\/\/dretpenal.uab.cat\/index.php\/wp-json\/wp\/v2\/pages\/4278","targetHints":{"allow":["GET"]}}],"collection":[{"href":"https:\/\/dretpenal.uab.cat\/index.php\/wp-json\/wp\/v2\/pages"}],"about":[{"href":"https:\/\/dretpenal.uab.cat\/index.php\/wp-json\/wp\/v2\/types\/page"}],"author":[{"embeddable":true,"href":"https:\/\/dretpenal.uab.cat\/index.php\/wp-json\/wp\/v2\/users\/4"}],"replies":[{"embeddable":true,"href":"https:\/\/dretpenal.uab.cat\/index.php\/wp-json\/wp\/v2\/comments?post=4278"}],"version-history":[{"count":11,"href":"https:\/\/dretpenal.uab.cat\/index.php\/wp-json\/wp\/v2\/pages\/4278\/revisions"}],"predecessor-version":[{"id":4289,"href":"https:\/\/dretpenal.uab.cat\/index.php\/wp-json\/wp\/v2\/pages\/4278\/revisions\/4289"}],"wp:attachment":[{"href":"https:\/\/dretpenal.uab.cat\/index.php\/wp-json\/wp\/v2\/media?parent=4278"}],"curies":[{"name":"wp","href":"https:\/\/api.w.org\/{rel}","templated":true}]}}