{"id":3648,"date":"2016-11-04T10:31:55","date_gmt":"2016-11-04T10:31:55","guid":{"rendered":"http:\/\/158.109.137.58\/criminologia2\/?page_id=3648"},"modified":"2025-01-07T08:15:14","modified_gmt":"2025-01-07T08:15:14","slug":"joan-baucells-llados","status":"publish","type":"page","link":"https:\/\/dretpenal.uab.cat\/index.php\/joan-baucells-llados\/","title":{"rendered":"Joan Baucells Llad\u00f3s"},"content":{"rendered":"<div id='layer_slider_1'  class='avia-layerslider main_color avia-shadow  avia-builder-el-0  el_before_av_heading  avia-builder-el-first  container_wrap sidebar_right'  style='height: 171px; max-width: 1000px; margin: 0 auto;'  ><\/div><div id='after_layer_slider_1'  class='main_color av_default_container_wrap container_wrap sidebar_right'  ><div class='container av-section-cont-open' ><div class='template-page content  av-content-small alpha units'><div class='post-entry post-entry-type-page post-entry-3648'><div class='entry-content-wrapper clearfix'>\n\n<style type=\"text\/css\" data-created_by=\"avia_inline_auto\" id=\"style-css-av-4tbsg0-d94ece990b60e40ce2195545797980fb\">\n#top .av-special-heading.av-4tbsg0-d94ece990b60e40ce2195545797980fb{\npadding-bottom:10px;\n}\nbody .av-special-heading.av-4tbsg0-d94ece990b60e40ce2195545797980fb .av-special-heading-tag .heading-char{\nfont-size:25px;\n}\n.av-special-heading.av-4tbsg0-d94ece990b60e40ce2195545797980fb .av-subheading{\nfont-size:15px;\n}\n<\/style>\n<div  class='av-special-heading av-4tbsg0-d94ece990b60e40ce2195545797980fb av-special-heading-h3  avia-builder-el-1  el_after_av_layerslider  el_before_av_textblock  avia-builder-el-first '><h3 class='av-special-heading-tag'  itemprop=\"headline\"  >Joan Baucells Llad\u00f3s<\/h3><div class=\"special-heading-border\"><div class=\"special-heading-inner-border\"><\/div><\/div><\/div>\n<section  class='av_textblock_section av-m5m6zd0e-7d9ef73c38821f09e4ba1cc71256b8af'  itemscope=\"itemscope\" itemtype=\"https:\/\/schema.org\/CreativeWork\" ><div class='avia_textblock'  itemprop=\"text\" ><p>Doctorado en derecho por la UAB con una tesis sobre la delincuencia por convicci\u00f3n (1999), dedic\u00f3 sus primeros trabajos de investigaci\u00f3n a este fen\u00f3meno. Sus publicaciones en este \u00e1mbito le permitieron ganar el premio extraordinario de doctorado.<\/p>\n<p>Siendo profesor titular en la URV, en el periodo 2000-2007, se integr\u00f3 en el Grupo de investigaci\u00f3n consolidado \u201cTerritorio, ciudadan\u00eda y sostenibilidad\u201d y concentr\u00f3 su investigaci\u00f3n en la protecci\u00f3n penal del medio ambiente. En este \u00e1mbito ha publicado numerosos trabajos de alcance nacional e internacional. Tambi\u00e9n ejerci\u00f3 la funci\u00f3n jurisdiccional como magistrado suplente en la Audiencia provincial de Tarragona. En la vertiente docente fue reconocido con el premio Vicens Vives de innovaci\u00f3n docente de la Generalitat de Catalunya por la asignatura \u201cDerecho y c\u00e1rcel\u201d y el premio del Consejo Social URV por la asignatura \u201cCl\u00ednica jur\u00eddica ambiental\u201d.<\/p>\n<p>Desde 2007 y hasta la actualidad desarrolla labores docentes, investigadoras y de gesti\u00f3n en la UAB donde, integrado en el Grupo de investigaci\u00f3n consolidado \u201cDerecho penal y nuevas tendencias de la pol\u00edtica criminal\u201d -de la que es director desde 2024-, ha publicado preferentemente sobre medios de comunicaci\u00f3n y derecho penal, trata de personas y responsabilidad penal de las personas jur\u00eddicas.<\/p>\n<p>En total, ha publicado m\u00e1s de 30 art\u00edculos en revistas, m\u00e1s de 20 cap\u00edtulos de libro, 3 monograf\u00edas; ha participado en manuales y comentarios de derecho penal y ha sido invitado en Cursos y Masters de Universidades nacionales (Salamanca, C\u00e1diz, Coru\u00f1a, UNIA, Rioja) e internacionales (Paris, Guatemala, Italia).\u00a0 En toda esta labor, tiene reconocidos cuatro sexenios de investigaci\u00f3n CNEAI y cuatro sexenios AQU.<\/p>\n<p><a href=\"https:\/\/www.researchgate.net\/profile\/Joan_Baucells_Llados\">Researchgate<\/a><\/p>\n<p><a href=\"mailto:Joan.Baucells@uab.cat\">Joan.Baucells@uab.cat<\/a><\/p>\n<\/div><\/section>\n<section  class='av_textblock_section av-av_textblock-9f1d08d208ea38101768ba4096f09dd7'  itemscope=\"itemscope\" itemtype=\"https:\/\/schema.org\/CreativeWork\" ><div class='avia_textblock'  itemprop=\"text\" ><\/p>\n<\/div><\/section>\n","protected":false},"excerpt":{"rendered":"","protected":false},"author":4,"featured_media":3610,"parent":0,"menu_order":0,"comment_status":"closed","ping_status":"closed","template":"","meta":{"footnotes":""},"class_list":["post-3648","page","type-page","status-publish","has-post-thumbnail","hentry"],"_links":{"self":[{"href":"https:\/\/dretpenal.uab.cat\/index.php\/wp-json\/wp\/v2\/pages\/3648","targetHints":{"allow":["GET"]}}],"collection":[{"href":"https:\/\/dretpenal.uab.cat\/index.php\/wp-json\/wp\/v2\/pages"}],"about":[{"href":"https:\/\/dretpenal.uab.cat\/index.php\/wp-json\/wp\/v2\/types\/page"}],"author":[{"embeddable":true,"href":"https:\/\/dretpenal.uab.cat\/index.php\/wp-json\/wp\/v2\/users\/4"}],"replies":[{"embeddable":true,"href":"https:\/\/dretpenal.uab.cat\/index.php\/wp-json\/wp\/v2\/comments?post=3648"}],"version-history":[{"count":15,"href":"https:\/\/dretpenal.uab.cat\/index.php\/wp-json\/wp\/v2\/pages\/3648\/revisions"}],"predecessor-version":[{"id":5171,"href":"https:\/\/dretpenal.uab.cat\/index.php\/wp-json\/wp\/v2\/pages\/3648\/revisions\/5171"}],"wp:featuredmedia":[{"embeddable":true,"href":"https:\/\/dretpenal.uab.cat\/index.php\/wp-json\/wp\/v2\/media\/3610"}],"wp:attachment":[{"href":"https:\/\/dretpenal.uab.cat\/index.php\/wp-json\/wp\/v2\/media?parent=3648"}],"curies":[{"name":"wp","href":"https:\/\/api.w.org\/{rel}","templated":true}]}}