{"id":3601,"date":"2016-11-04T10:02:22","date_gmt":"2016-11-04T10:02:22","guid":{"rendered":"http:\/\/158.109.137.58\/criminologia2\/?page_id=3601"},"modified":"2020-12-15T08:03:07","modified_gmt":"2020-12-15T08:03:07","slug":"mercedes-garcia-aran","status":"publish","type":"page","link":"https:\/\/dretpenal.uab.cat\/index.php\/mercedes-garcia-aran\/","title":{"rendered":"Mercedes Garc\u00eda Ar\u00e1n"},"content":{"rendered":"<div id='layer_slider_1'  class='avia-layerslider main_color avia-shadow  avia-builder-el-0  el_before_av_heading  avia-builder-el-first  container_wrap sidebar_right'  style='height: 171px; max-width: 1000px; margin: 0 auto;'  ><\/div><div id='after_layer_slider_1'  class='main_color av_default_container_wrap container_wrap sidebar_right'  ><div class='container av-section-cont-open' ><div class='template-page content  av-content-small alpha units'><div class='post-entry post-entry-type-page post-entry-3601'><div class='entry-content-wrapper clearfix'>\n\n<style type=\"text\/css\" data-created_by=\"avia_inline_auto\" id=\"style-css-av-av_heading-a9a2016bc3c0ed991d223d630e42532e\">\n#top .av-special-heading.av-av_heading-a9a2016bc3c0ed991d223d630e42532e{\npadding-bottom:10px;\n}\nbody .av-special-heading.av-av_heading-a9a2016bc3c0ed991d223d630e42532e .av-special-heading-tag .heading-char{\nfont-size:25px;\n}\n.av-special-heading.av-av_heading-a9a2016bc3c0ed991d223d630e42532e .av-subheading{\nfont-size:15px;\n}\n<\/style>\n<div  class='av-special-heading av-av_heading-a9a2016bc3c0ed991d223d630e42532e av-special-heading-h3  avia-builder-el-1  el_after_av_layerslider  el_before_av_textblock  avia-builder-el-first '><h3 class='av-special-heading-tag'  itemprop=\"headline\"  >Mercedes Garc\u00eda Ar\u00e1n<\/h3><div class=\"special-heading-border\"><div class=\"special-heading-inner-border\"><\/div><\/div><\/div>\n<section  class='av_textblock_section av-av_textblock-0366cc7376be6c9e82a3e9cc8987b64f'  itemscope=\"itemscope\" itemtype=\"https:\/\/schema.org\/CreativeWork\" ><div class='avia_textblock'  itemprop=\"text\" ><p>Mercedes Garc\u00eda Ar\u00e1n (Barcelona, 1954) se licenci\u00f3 en Derecho (1976) y se doctor\u00f3 en Derecho Penal (1981) por la Universidad de Barcelona de la que fue Profesora Titular de Derecho Penal hasta 1989. Desde entonces es Catedr\u00e1tica de Derecho Penal de la Universidad Aut\u00f3noma de Barcelona. Ha realizado estancias de estudios en la Universidad de Freiburg (Alemania). Ha sido Profesora invitada en las Universidades de Bolonia, Florencia y Macerata (Italia) as\u00ed como en numerosas Universidades espa\u00f1olas y latinoamericanas.<\/p>\n<p>Ha dirigido distintos proyectos de investigaci\u00f3n subvencionados por el Plan Nacional de I+D, sobre la protecci\u00f3n penal de derechos fundamentales, la responsabilidad penal de los funcionarios, el tr\u00e1fico de personas y el tratamiento de temas penales en los medios de comunicaci\u00f3n, la prevenci\u00f3n de la delincuencia econ\u00f3mica y la responsabilidad jur\u00eddica y pol\u00edtica de los partidos pol\u00edticos.<\/p>\n<p>Entre otros temas, sus publicaciones individuales incluyen libros y art\u00edculos sobre el sistema de penas, el hurto, la prevaricaci\u00f3n judicial y otros delitos contra la administraci\u00f3n de justicia, y la justicia universal.<br \/>\nEs coautora (con Mu\u00f1oz Conde) de un manual de parte general del derecho penal que ha alcanzado diez ediciones. Es codirectora (con C\u00f3rdoba Roda) y coautora con los miembros del grupo de investigaci\u00f3n de la UAB, de unos comentarios al c\u00f3digo penal en tres tomos (2004 y 2011). Tambi\u00e9n es directora y coautora junto a los miembros del grupo de investigaci\u00f3n de los libros colectivos: <em>Trata de personas y explotaci\u00f3n sexual<\/em> (2006) y <em>Malas noticias. Medios de comunicaci\u00f3n, pol\u00edtica criminal y garant\u00edas penales en Espa\u00f1a<\/em> (2008), <em>Prevenci\u00f3n y sanci\u00f3n de la delincuencia econ\u00f3mica<\/em> (2014) y <em>Responsabilidad jur\u00eddica y pol\u00edtica de los partidos en Espa\u00f1a<\/em> (2018).<\/p>\n<p>Tiene reconocidos seis sexenios de investigaci\u00f3n por la Comisi\u00f3n Nacional Evaluadora de la Actividad Investigadora, cuyo Comit\u00e9 de Derecho y Jurisprudencia ha presidio. Ha sido\u00a0 miembro de la Agencia de evaluaci\u00f3n de la calidad de la Generalitat de Catalu\u00f1a (AQU).<\/p>\n<p><a href=\"mailto:Mercedes.Garcia@uab.cat\">Mercedes.Garcia@uab.cat<\/a><\/p>\n<\/div><\/section>\n","protected":false},"excerpt":{"rendered":"","protected":false},"author":4,"featured_media":3610,"parent":0,"menu_order":0,"comment_status":"closed","ping_status":"closed","template":"","meta":{"footnotes":""},"class_list":["post-3601","page","type-page","status-publish","has-post-thumbnail","hentry"],"_links":{"self":[{"href":"https:\/\/dretpenal.uab.cat\/index.php\/wp-json\/wp\/v2\/pages\/3601","targetHints":{"allow":["GET"]}}],"collection":[{"href":"https:\/\/dretpenal.uab.cat\/index.php\/wp-json\/wp\/v2\/pages"}],"about":[{"href":"https:\/\/dretpenal.uab.cat\/index.php\/wp-json\/wp\/v2\/types\/page"}],"author":[{"embeddable":true,"href":"https:\/\/dretpenal.uab.cat\/index.php\/wp-json\/wp\/v2\/users\/4"}],"replies":[{"embeddable":true,"href":"https:\/\/dretpenal.uab.cat\/index.php\/wp-json\/wp\/v2\/comments?post=3601"}],"version-history":[{"count":16,"href":"https:\/\/dretpenal.uab.cat\/index.php\/wp-json\/wp\/v2\/pages\/3601\/revisions"}],"predecessor-version":[{"id":4557,"href":"https:\/\/dretpenal.uab.cat\/index.php\/wp-json\/wp\/v2\/pages\/3601\/revisions\/4557"}],"wp:featuredmedia":[{"embeddable":true,"href":"https:\/\/dretpenal.uab.cat\/index.php\/wp-json\/wp\/v2\/media\/3610"}],"wp:attachment":[{"href":"https:\/\/dretpenal.uab.cat\/index.php\/wp-json\/wp\/v2\/media?parent=3601"}],"curies":[{"name":"wp","href":"https:\/\/api.w.org\/{rel}","templated":true}]}}