{"id":5151,"date":"2024-10-08T09:55:45","date_gmt":"2024-10-08T09:55:45","guid":{"rendered":"https:\/\/dretpenal.uab.cat\/?page_id=5151"},"modified":"2024-10-08T09:58:33","modified_gmt":"2024-10-08T09:58:33","slug":"francesca-consorte","status":"publish","type":"page","link":"https:\/\/dretpenal.uab.cat\/en\/index.php\/francesca-consorte\/","title":{"rendered":"Francesca Consorte"},"content":{"rendered":"<div id='layer_slider_1'  class='avia-layerslider main_color avia-shadow  avia-builder-el-0  el_before_av_heading  avia-builder-el-first  container_wrap sidebar_right'  style='height: 171px; max-width: 1000px; margin: 0 auto;'  ><\/div><div id='after_layer_slider_1'  class='main_color av_default_container_wrap container_wrap sidebar_right'  ><div class='container av-section-cont-open' ><div class='template-page content  av-content-small alpha units'><div class='post-entry post-entry-type-page post-entry-5151'><div class='entry-content-wrapper clearfix'>\n\n<style type=\"text\/css\" data-created_by=\"avia_inline_auto\" id=\"style-css-av-49z7bz-f374a09568f696bf112367f89564c51c\">\n#top .av-special-heading.av-49z7bz-f374a09568f696bf112367f89564c51c{\npadding-bottom:10px;\n}\nbody .av-special-heading.av-49z7bz-f374a09568f696bf112367f89564c51c .av-special-heading-tag .heading-char{\nfont-size:25px;\n}\n.av-special-heading.av-49z7bz-f374a09568f696bf112367f89564c51c .av-subheading{\nfont-size:15px;\n}\n<\/style>\n<div  class='av-special-heading av-49z7bz-f374a09568f696bf112367f89564c51c av-special-heading-h3  avia-builder-el-1  el_after_av_layerslider  el_before_av_textblock  avia-builder-el-first '><h3 class='av-special-heading-tag'  itemprop=\"headline\"  >Angela Cossiri<\/h3><div class=\"special-heading-border\"><div class=\"special-heading-inner-border\"><\/div><\/div><\/div>\n<section  class='av_textblock_section av-35yvhb-f8da0397950e6da978107ddc22f05058'  itemscope=\"itemscope\" itemtype=\"https:\/\/schema.org\/CreativeWork\" ><div class='avia_textblock'  itemprop=\"text\" ><p>Universit\u00e0 degli Studi di Parma (IT)<\/p>\n<ul type=\"disc\">\n<li class=\"x_MsoListParagraph\"><span lang=\"CA\">7 a 9 novembre 2022: \u00a0Compliance i prevenci\u00f3 de la corrupci\u00f3 a les empreses p\u00fabliques<\/span><\/li>\n<\/ul>\n<p class=\"x_MsoNormal\"><span lang=\"CA\">Projecte: \u201cLa prevenci\u00f3n de la corrupci\u00f3n en el sector p\u00fablico empresarial\u201d (PID2020-117526RB-100 financiado por MCIN\/AEI\/10.13039\/501100011033k)<\/span><\/p>\n<ul type=\"disc\">\n<li class=\"x_MsoListParagraph\"><span lang=\"CA\">23 a 25 mar\u00e7 2023: Compliance i prevenci\u00f3 de la corrupci\u00f3 a les empreses p\u00fabliques<\/span><\/li>\n<\/ul>\n<p class=\"x_MsoNormal\"><span lang=\"CA\">Projecte: \u201cLa prevenci\u00f3n de la corrupci\u00f3n en el sector p\u00fablico empresarial\u201d (PID2020-117526RB-100 financiado por MCIN\/AEI\/10.13039\/501100011033k)<\/span><\/p>\n<\/div><\/section>\n","protected":false},"excerpt":{"rendered":"","protected":false},"author":5,"featured_media":3610,"parent":0,"menu_order":0,"comment_status":"closed","ping_status":"closed","template":"","meta":{"footnotes":""},"class_list":["post-5151","page","type-page","status-publish","has-post-thumbnail","hentry"],"_links":{"self":[{"href":"https:\/\/dretpenal.uab.cat\/en\/index.php\/wp-json\/wp\/v2\/pages\/5151","targetHints":{"allow":["GET"]}}],"collection":[{"href":"https:\/\/dretpenal.uab.cat\/en\/index.php\/wp-json\/wp\/v2\/pages"}],"about":[{"href":"https:\/\/dretpenal.uab.cat\/en\/index.php\/wp-json\/wp\/v2\/types\/page"}],"author":[{"embeddable":true,"href":"https:\/\/dretpenal.uab.cat\/en\/index.php\/wp-json\/wp\/v2\/users\/5"}],"replies":[{"embeddable":true,"href":"https:\/\/dretpenal.uab.cat\/en\/index.php\/wp-json\/wp\/v2\/comments?post=5151"}],"version-history":[{"count":2,"href":"https:\/\/dretpenal.uab.cat\/en\/index.php\/wp-json\/wp\/v2\/pages\/5151\/revisions"}],"predecessor-version":[{"id":5154,"href":"https:\/\/dretpenal.uab.cat\/en\/index.php\/wp-json\/wp\/v2\/pages\/5151\/revisions\/5154"}],"wp:featuredmedia":[{"embeddable":true,"href":"https:\/\/dretpenal.uab.cat\/en\/index.php\/wp-json\/wp\/v2\/media\/3610"}],"wp:attachment":[{"href":"https:\/\/dretpenal.uab.cat\/en\/index.php\/wp-json\/wp\/v2\/media?parent=5151"}],"curies":[{"name":"wp","href":"https:\/\/api.w.org\/{rel}","templated":true}]}}