{"id":5000,"date":"2024-02-29T10:37:10","date_gmt":"2024-02-29T10:37:10","guid":{"rendered":"https:\/\/dretpenal.uab.cat\/?page_id=5000"},"modified":"2024-02-29T10:37:50","modified_gmt":"2024-02-29T10:37:50","slug":"vico-valentini","status":"publish","type":"page","link":"https:\/\/dretpenal.uab.cat\/en\/index.php\/vico-valentini\/","title":{"rendered":"Vico Valentini"},"content":{"rendered":"<div id='layer_slider_1'  class='avia-layerslider main_color avia-shadow  avia-builder-el-0  el_before_av_heading  avia-builder-el-first  container_wrap sidebar_right'  style='height: 171px; max-width: 1000px; margin: 0 auto;'  ><\/div><div id='after_layer_slider_1'  class='main_color av_default_container_wrap container_wrap sidebar_right'  ><div class='container av-section-cont-open' ><div class='template-page content  av-content-small alpha units'><div class='post-entry post-entry-type-page post-entry-5000'><div class='entry-content-wrapper clearfix'>\n\n<style type=\"text\/css\" data-created_by=\"avia_inline_auto\" id=\"style-css-av-49z7bz-47799e8af8544f8d06d1e1ac71fbfdff\">\n#top .av-special-heading.av-49z7bz-47799e8af8544f8d06d1e1ac71fbfdff{\npadding-bottom:10px;\n}\nbody .av-special-heading.av-49z7bz-47799e8af8544f8d06d1e1ac71fbfdff .av-special-heading-tag .heading-char{\nfont-size:25px;\n}\n.av-special-heading.av-49z7bz-47799e8af8544f8d06d1e1ac71fbfdff .av-subheading{\nfont-size:15px;\n}\n<\/style>\n<div  class='av-special-heading av-49z7bz-47799e8af8544f8d06d1e1ac71fbfdff av-special-heading-h3  avia-builder-el-1  el_after_av_layerslider  el_before_av_textblock  avia-builder-el-first '><h3 class='av-special-heading-tag'  itemprop=\"headline\"  >Vico Valentini<\/h3><div class=\"special-heading-border\"><div class=\"special-heading-inner-border\"><\/div><\/div><\/div>\n<section  class='av_textblock_section av-35yvhb-f8da0397950e6da978107ddc22f05058'  itemscope=\"itemscope\" itemtype=\"https:\/\/schema.org\/CreativeWork\" ><div class='avia_textblock'  itemprop=\"text\" ><p>Universit\u00e0 degli Studi di Perugia. Erasmus Plus.<\/p>\n<ul>\n<li>Del 27\/05\/2019 al 01\/06\/2019. Justicia restaurativa i delinq\u00fc\u00e8ncia econ\u00f2mica.<\/li>\n<\/ul>\n<\/div><\/section>\n","protected":false},"excerpt":{"rendered":"","protected":false},"author":5,"featured_media":3610,"parent":0,"menu_order":0,"comment_status":"closed","ping_status":"closed","template":"","meta":{"footnotes":""},"class_list":["post-5000","page","type-page","status-publish","has-post-thumbnail","hentry"],"_links":{"self":[{"href":"https:\/\/dretpenal.uab.cat\/en\/index.php\/wp-json\/wp\/v2\/pages\/5000","targetHints":{"allow":["GET"]}}],"collection":[{"href":"https:\/\/dretpenal.uab.cat\/en\/index.php\/wp-json\/wp\/v2\/pages"}],"about":[{"href":"https:\/\/dretpenal.uab.cat\/en\/index.php\/wp-json\/wp\/v2\/types\/page"}],"author":[{"embeddable":true,"href":"https:\/\/dretpenal.uab.cat\/en\/index.php\/wp-json\/wp\/v2\/users\/5"}],"replies":[{"embeddable":true,"href":"https:\/\/dretpenal.uab.cat\/en\/index.php\/wp-json\/wp\/v2\/comments?post=5000"}],"version-history":[{"count":2,"href":"https:\/\/dretpenal.uab.cat\/en\/index.php\/wp-json\/wp\/v2\/pages\/5000\/revisions"}],"predecessor-version":[{"id":5002,"href":"https:\/\/dretpenal.uab.cat\/en\/index.php\/wp-json\/wp\/v2\/pages\/5000\/revisions\/5002"}],"wp:featuredmedia":[{"embeddable":true,"href":"https:\/\/dretpenal.uab.cat\/en\/index.php\/wp-json\/wp\/v2\/media\/3610"}],"wp:attachment":[{"href":"https:\/\/dretpenal.uab.cat\/en\/index.php\/wp-json\/wp\/v2\/media?parent=5000"}],"curies":[{"name":"wp","href":"https:\/\/api.w.org\/{rel}","templated":true}]}}