{"id":3632,"date":"2016-11-04T10:23:06","date_gmt":"2016-11-04T10:23:06","guid":{"rendered":"http:\/\/158.109.137.58\/criminologia2\/?page_id=3632"},"modified":"2021-09-14T07:45:07","modified_gmt":"2021-09-14T07:45:07","slug":"maria-jose-rodriguez-puerta","status":"publish","type":"page","link":"https:\/\/dretpenal.uab.cat\/en\/index.php\/maria-jose-rodriguez-puerta\/","title":{"rendered":"Mar\u00eda Jos\u00e9 Rodr\u00edguez Puerta"},"content":{"rendered":"<div id='layer_slider_1'  class='avia-layerslider main_color avia-shadow  avia-builder-el-0  el_before_av_heading  avia-builder-el-first  container_wrap sidebar_right'  style='height: 171px; max-width: 1000px; margin: 0 auto;'  ><\/div><div id='after_layer_slider_1'  class='main_color av_default_container_wrap container_wrap sidebar_right'  ><div class='container av-section-cont-open' ><div class='template-page content  av-content-small alpha units'><div class='post-entry post-entry-type-page post-entry-3632'><div class='entry-content-wrapper clearfix'>\n\n<style type=\"text\/css\" data-created_by=\"avia_inline_auto\" id=\"style-css-av-av_heading-719673e5d35e1fc6318bbd968d0aa58b\">\n#top .av-special-heading.av-av_heading-719673e5d35e1fc6318bbd968d0aa58b{\npadding-bottom:10px;\n}\nbody .av-special-heading.av-av_heading-719673e5d35e1fc6318bbd968d0aa58b .av-special-heading-tag .heading-char{\nfont-size:25px;\n}\n.av-special-heading.av-av_heading-719673e5d35e1fc6318bbd968d0aa58b .av-subheading{\nfont-size:15px;\n}\n<\/style>\n<div  class='av-special-heading av-av_heading-719673e5d35e1fc6318bbd968d0aa58b av-special-heading-h3  avia-builder-el-1  el_after_av_layerslider  el_before_av_textblock  avia-builder-el-first '><h3 class='av-special-heading-tag'  itemprop=\"headline\"  >Mar\u00eda Jos\u00e9 Rodr\u00edguez Puerta<\/h3><div class=\"special-heading-border\"><div class=\"special-heading-inner-border\"><\/div><\/div><\/div>\n<section  class='av_textblock_section av-av_textblock-0366cc7376be6c9e82a3e9cc8987b64f'  itemscope=\"itemscope\" itemtype=\"https:\/\/schema.org\/CreativeWork\" ><div class='avia_textblock'  itemprop=\"text\" ><p>Doctora en Derecho por la Universidad de Barcelona (UB, Secci\u00f3n Lleida), grado que se obtuvo con la defensa de la tesis titulada \u201cEl delito de cohechos: an\u00e1lisis dogm\u00e1tico y pol\u00edtico criminal\u201d en 1997 y que fue posteriormente publicada por la Editorial. Aranzadi. Desde los inicios de mi trayectoria docente e investigadora me vincul\u00e9 primero a la Universidad de Lleida y en 2001 obtuve la plaza de profesora Titular en Derecho penal en la Universidad Aut\u00f3noma de Barcelona, plaza que ocupo hasta la fecha. En mi actividad acad\u00e9mica como profesora de derecho penal me he ocupado, fundamentalmente, de los delitos contra la Administraci\u00f3n P\u00fablica, y, en particular, de las conductas vinculadas a la corrupci\u00f3n. Esta l\u00ednea de investigaci\u00f3n ha presidido la mayor parte de mi trayectoria, plasm\u00e1ndose tanto en publicaciones como en la direcci\u00f3n de trabajos de investigaci\u00f3n. Junto a esta tem\u00e1tica tambi\u00e9n he estudiado otros \u00e1mbitos como son el Derecho Penitenciario y la Victimolog\u00eda. En los \u00faltimos tiempos he trabajado cuestiones vinculadas con la delincuencia econ\u00f3mica, las sanciones, las orientaciones de pol\u00edtica criminal en este sector y, \u00faltimamente, la responsabilidad de los partidos pol\u00edticos. En la actualidad he abierto una nueva l\u00ednea de investigaci\u00f3n vinculada a la justicia restaurativa, en particular, a su posible implementaci\u00f3n para los delitos econ\u00f3mico, en particular en aquellos cuyas v\u00edctimas son colectivas y\/o difusas.\u00a0 La mayor parte de mis publicaciones se vinculan a proyectos de investigaci\u00f3n nacionales e internacionales. De entre los trabajos publicados quisiera destacar mi participaci\u00f3n en los Comentarios al C\u00f3digo penal, dirigidos por el Prof. Quintero Olivares y Ferm\u00edn Morales. Adem\u00e1s, desde 2004 soy secretar\u00eda de la Revista Derecho y Proceso Penal de la Editorial Thomson-Aranzadi.<\/p>\n<p><a href=\"mailto: mariajose.rodriguez.puerta@uab.cat \">Mariajose.Rodriguez.Puerta@uab.cat <\/a><\/p>\n<\/div><\/section>\n","protected":false},"excerpt":{"rendered":"","protected":false},"author":4,"featured_media":3610,"parent":0,"menu_order":0,"comment_status":"closed","ping_status":"closed","template":"","meta":{"footnotes":""},"class_list":["post-3632","page","type-page","status-publish","has-post-thumbnail","hentry"],"_links":{"self":[{"href":"https:\/\/dretpenal.uab.cat\/en\/index.php\/wp-json\/wp\/v2\/pages\/3632","targetHints":{"allow":["GET"]}}],"collection":[{"href":"https:\/\/dretpenal.uab.cat\/en\/index.php\/wp-json\/wp\/v2\/pages"}],"about":[{"href":"https:\/\/dretpenal.uab.cat\/en\/index.php\/wp-json\/wp\/v2\/types\/page"}],"author":[{"embeddable":true,"href":"https:\/\/dretpenal.uab.cat\/en\/index.php\/wp-json\/wp\/v2\/users\/4"}],"replies":[{"embeddable":true,"href":"https:\/\/dretpenal.uab.cat\/en\/index.php\/wp-json\/wp\/v2\/comments?post=3632"}],"version-history":[{"count":9,"href":"https:\/\/dretpenal.uab.cat\/en\/index.php\/wp-json\/wp\/v2\/pages\/3632\/revisions"}],"predecessor-version":[{"id":4645,"href":"https:\/\/dretpenal.uab.cat\/en\/index.php\/wp-json\/wp\/v2\/pages\/3632\/revisions\/4645"}],"wp:featuredmedia":[{"embeddable":true,"href":"https:\/\/dretpenal.uab.cat\/en\/index.php\/wp-json\/wp\/v2\/media\/3610"}],"wp:attachment":[{"href":"https:\/\/dretpenal.uab.cat\/en\/index.php\/wp-json\/wp\/v2\/media?parent=3632"}],"curies":[{"name":"wp","href":"https:\/\/api.w.org\/{rel}","templated":true}]}}