{"id":3285,"date":"2016-10-21T11:28:22","date_gmt":"2016-10-21T11:28:22","guid":{"rendered":"http:\/\/158.109.137.58\/violenciesmasclistes\/?page_id=3285"},"modified":"2025-10-24T16:30:46","modified_gmt":"2025-10-24T16:30:46","slug":"projectes-en-curs","status":"publish","type":"page","link":"https:\/\/dretpenal.uab.cat\/en\/index.php\/projectes-en-curs\/","title":{"rendered":"Projectes en curs"},"content":{"rendered":"<div id='layer_slider_1'  class='avia-layerslider main_color avia-shadow  avia-builder-el-0  el_before_av_slideshow_full  avia-builder-el-first  container_wrap sidebar_right'  style='height: 171px; max-width: 1000px; margin: 0 auto;'  ><\/div>\n<div id='full_slider_1'  class='avia-fullwidth-slider main_color avia-shadow   avia-builder-el-1  el_after_av_layerslider  el_before_av_heading   slider-not-first container_wrap sidebar_right'  ><\/div><div id='after_full_slider_1'  class='main_color av_default_container_wrap container_wrap sidebar_right'  ><div class='container av-section-cont-open' ><div class='template-page content  av-content-small alpha units'><div class='post-entry post-entry-type-page post-entry-3285'><div class='entry-content-wrapper clearfix'>\n\n<style type=\"text\/css\" data-created_by=\"avia_inline_auto\" id=\"style-css-av-4ctuzp-f122f40aad582ef73560361b3bf3bbf8\">\n#top .av-special-heading.av-4ctuzp-f122f40aad582ef73560361b3bf3bbf8{\npadding-bottom:10px;\n}\nbody .av-special-heading.av-4ctuzp-f122f40aad582ef73560361b3bf3bbf8 .av-special-heading-tag .heading-char{\nfont-size:25px;\n}\n.av-special-heading.av-4ctuzp-f122f40aad582ef73560361b3bf3bbf8 .av-subheading{\nfont-size:15px;\n}\n<\/style>\n<div  class='av-special-heading av-4ctuzp-f122f40aad582ef73560361b3bf3bbf8 av-special-heading-h3 meta-heading  avia-builder-el-2  el_after_av_slideshow_full  el_before_av_textblock  avia-builder-el-first '><h3 class='av-special-heading-tag'  itemprop=\"headline\"  >Projectes en curs<\/h3><div class=\"special-heading-border\"><div class=\"special-heading-inner-border\"><\/div><\/div><\/div>\n<section  class='av_textblock_section av-1vbjwl-9dffe84bf96ef3c21d318d6a8c03cad2'  itemscope=\"itemscope\" itemtype=\"https:\/\/schema.org\/CreativeWork\" ><div class='avia_textblock'  itemprop=\"text\" ><p class=\"x_MsoNormal\"><strong>Denominaci\u00f3n del proyecto:\u00a0<\/strong>DIGICRIM El Derecho penal frente a la desinformaci\u00f3n en el entorno digital [PID2024-156696OB-I00]<\/p>\n<p class=\"x_MsoNormal\"><strong>Entidad de realizaci\u00f3n:\u00a0<\/strong>Universitat Aut\u00f2noma de Barcelona<\/p>\n<p class=\"x_MsoNormal\"><strong>Investigador principal:\u00a0<\/strong>Joan Baucells Llad\u00f3s<\/p>\n<p class=\"x_MsoNormal\"><strong>Entidad financiadora:<\/strong>\u00a0Ministerio de Ciencia e Innovaci\u00f3n del Gobierno de Espa\u00f1a, Proyectos de Generaci\u00f3n de conocimiento 2024, Investigaci\u00f3n Orientada Tipo B<\/p>\n<p class=\"x_MsoNormal\"><strong>N\u00famero de investigadores:\u00a0<\/strong>10<\/p>\n<p class=\"x_MsoNormal\"><strong>Fechas:\u00a0<\/strong>01\/09\/2025-31\/12\/2028<\/p>\n<p class=\"x_MsoNormal\"><strong>Importe concedido:\u00a0\u00a0<\/strong>37.500\u00a0 \u20ac<\/p>\n<p>.<\/p>\n<p><strong>Denominaci\u00f3n del proyecto:<\/strong>\u00a0El Derecho Penal y la Criminolog\u00eda ante los nuevos desaf\u00edos de la criminalidad clim\u00e1tica: Hacia una Justicia Clim\u00e1tica al servicio de los Derechos Humanos<\/p>\n<p><strong>Entidad de realizaci\u00f3n: <\/strong>Universidad del Pa\u00eds Vasco \u2013 Euskal Herriko Universtsitatea.<\/p>\n<p><strong>Investigador principal:<\/strong>\u00a0Ana Isabel P\u00e9rez Mach\u00edo y Miren Odriozola Gurrutxaga.<\/p>\n<p><strong>Entidad financiadora:<\/strong>\u00a0Ministerio de Ciencia, Innovaci\u00f3n y Universidades\u00a0(PID2023-147154NB-I00)<\/p>\n<p><strong>N\u00famero de investigadores: <\/strong>18<\/p>\n<p><strong>Fechas:<\/strong>\u00a001\/09\/2024 \u2013 01\/09\/2028<\/p>\n<p><strong>Importe concedido: <\/strong>48.750,00 euros<\/p>\n<p><strong>\u00a0<\/strong><\/p>\n<p><strong>Denominaci\u00f3n del proyecto:<\/strong>\u00a0 Derecho penal y distribuci\u00f3n de la riqueza en la Sociedad tecnol\u00f2gica (II)<\/p>\n<p><strong>Entidad de realizaci\u00f3n:\u00a0 <\/strong><strong>Universidad de Cantabria<\/strong><\/p>\n<p><strong>Investigador principal:<\/strong> Mar\u00eda Paz De la Cuesta Aguado<\/p>\n<p><strong>Entidad financiadora:<\/strong>\u00a0 Ministerio de Ciencia, Innovaci\u00f3n y Universidades (PID2022-138770OB-I00)<\/p>\n<p><strong>N\u00famero de investigadores:<\/strong> 12<\/p>\n<p><strong>Fechas:<\/strong> 2023-2026<\/p>\n<p><strong>Importe concedido: <\/strong><strong>43.750 euros<\/strong><\/p>\n<p><strong>\u00a0<\/strong><\/p>\n<p><strong>Denominaci\u00f3n del proyecto:<\/strong>\u00a0Los riesgos de influencias indebidas en las decisiones p\u00fablicas: prevenci\u00f3n y control.<\/p>\n<p><strong>Entidad de realizaci\u00f3n: <\/strong>Facultade de dereito. Universidade de Santiago de Compostela.<\/p>\n<p><strong>Investigador principal:<\/strong>\u00a0Fernando Antonio V\u00e1zquez-Portome\u00f1e Seijas.<\/p>\n<p><strong>Entidad financiadora:<\/strong>\u00a0Ministerio de Ciencia, Innovaci\u00f3n y Universidades\u00a0(: PID2023-149161NB-I00)<\/p>\n<p><strong>N\u00famero de investigadores:<\/strong> 11<\/p>\n<p><strong>Fechas:<\/strong>\u00a001\/09\/2024 \u2013 01\/09\/2027<\/p>\n<p><strong>Importe concedido: <\/strong>43.750 euros<\/p>\n<p><strong>\u00a0<\/strong><\/p>\n<p><strong>Denominaci\u00f3n del proyecto:<\/strong> Victimizaci\u00f3n de personas involucradas en sexo transaccional<\/p>\n<p><strong>Entidad de realizaci\u00f3n<\/strong>: Universitat Oberta de Catalunya<\/p>\n<p><strong>Investigador principal:<\/strong> Josep M. Tamarit y Antonia Linde<\/p>\n<p><strong>Entidad financiadora:<\/strong> Ministerio de Ciencia, Innovaci\u00f3n y Universidades (PID2023-151355NB-I00)<\/p>\n<p><strong>N\u00famero de investigadores<\/strong>: 8<\/p>\n<p><strong>Fechas<\/strong>: 2024-2026<\/p>\n<p><strong>Importe concedido:<\/strong> 41.000 euros<\/p>\n<p><strong>\u00a0<\/strong><\/p>\n<\/div><\/section>\n","protected":false},"excerpt":{"rendered":"","protected":false},"author":4,"featured_media":0,"parent":0,"menu_order":0,"comment_status":"open","ping_status":"open","template":"","meta":{"footnotes":""},"class_list":["post-3285","page","type-page","status-publish","hentry"],"_links":{"self":[{"href":"https:\/\/dretpenal.uab.cat\/en\/index.php\/wp-json\/wp\/v2\/pages\/3285","targetHints":{"allow":["GET"]}}],"collection":[{"href":"https:\/\/dretpenal.uab.cat\/en\/index.php\/wp-json\/wp\/v2\/pages"}],"about":[{"href":"https:\/\/dretpenal.uab.cat\/en\/index.php\/wp-json\/wp\/v2\/types\/page"}],"author":[{"embeddable":true,"href":"https:\/\/dretpenal.uab.cat\/en\/index.php\/wp-json\/wp\/v2\/users\/4"}],"replies":[{"embeddable":true,"href":"https:\/\/dretpenal.uab.cat\/en\/index.php\/wp-json\/wp\/v2\/comments?post=3285"}],"version-history":[{"count":48,"href":"https:\/\/dretpenal.uab.cat\/en\/index.php\/wp-json\/wp\/v2\/pages\/3285\/revisions"}],"predecessor-version":[{"id":5251,"href":"https:\/\/dretpenal.uab.cat\/en\/index.php\/wp-json\/wp\/v2\/pages\/3285\/revisions\/5251"}],"wp:attachment":[{"href":"https:\/\/dretpenal.uab.cat\/en\/index.php\/wp-json\/wp\/v2\/media?parent=3285"}],"curies":[{"name":"wp","href":"https:\/\/api.w.org\/{rel}","templated":true}]}}